{"id":12,"date":"2025-01-22T07:21:14","date_gmt":"2025-01-22T07:21:14","guid":{"rendered":"https:\/\/biserica-ringkobing-skjern.dk\/?page_id=12"},"modified":"2025-02-24T12:32:19","modified_gmt":"2025-02-24T10:32:19","slug":"pagina-3","status":"publish","type":"page","link":"https:\/\/biserica-ringkobing-skjern.dk\/index.php\/despre\/pagina-3\/","title":{"rendered":"Preot Paroh"},"content":{"rendered":"<p><img loading=\"lazy\" decoding=\"async\" class=\"size-medium wp-image-23 aligncenter\" src=\"https:\/\/biserica-ringkobing-skjern.dk\/wp-content\/uploads\/2025\/01\/Diaconia-e1737640998485-300x300.jpeg\" alt=\"\" width=\"300\" height=\"300\" srcset=\"https:\/\/biserica-ringkobing-skjern.dk\/wp-content\/uploads\/2025\/01\/Diaconia-e1737640998485-300x300.jpeg 300w, https:\/\/biserica-ringkobing-skjern.dk\/wp-content\/uploads\/2025\/01\/Diaconia-e1737640998485-150x150.jpeg 150w, https:\/\/biserica-ringkobing-skjern.dk\/wp-content\/uploads\/2025\/01\/Diaconia-e1737640998485.jpeg 540w\" sizes=\"auto, (max-width: 300px) 100vw, 300px\" \/><\/p>\n<p>Preot paroh<\/p>\n<p>Florin Gheorghe Atudorei<\/p>\n<p>Absolvent al Seminarului Teologic Ortodox Sf\u00e2ntul Constantin Br\u00e2ncoveanu din F\u0103g\u0103ra\u0219 \u0219i al Facult\u0103\u021bii de Teologie Andrei \u0218aguna din Sibiu.<\/p>\n<p>Masterand \u00een Teologie la Facultatea de Teologie Andrei \u0218aguna din Sibiu.<\/p>\n<p>E-Mail:\u00a0<a href=\"mailto:atudorei.florin11@yahoo.com\">atudorei.florin11@yahoo.com<\/a><\/p>\n<p>Telefon: +45 92 26 53 35<\/p>\n<p><img loading=\"lazy\" decoding=\"async\" class=\"size-medium wp-image-22 aligncenter\" src=\"https:\/\/biserica-ringkobing-skjern.dk\/wp-content\/uploads\/2025\/01\/Diaconia-2-143x300.jpeg\" alt=\"\" width=\"143\" height=\"300\" srcset=\"https:\/\/biserica-ringkobing-skjern.dk\/wp-content\/uploads\/2025\/01\/Diaconia-2-143x300.jpeg 143w, https:\/\/biserica-ringkobing-skjern.dk\/wp-content\/uploads\/2025\/01\/Diaconia-2-487x1024.jpeg 487w, https:\/\/biserica-ringkobing-skjern.dk\/wp-content\/uploads\/2025\/01\/Diaconia-2-768x1616.jpeg 768w, https:\/\/biserica-ringkobing-skjern.dk\/wp-content\/uploads\/2025\/01\/Diaconia-2-730x1536.jpeg 730w, https:\/\/biserica-ringkobing-skjern.dk\/wp-content\/uploads\/2025\/01\/Diaconia-2.jpeg 958w\" sizes=\"auto, (max-width: 143px) 100vw, 143px\" \/><\/p>\n","protected":false},"excerpt":{"rendered":"<p>Preot paroh Florin Gheorghe Atudorei Absolvent al Seminarului Teologic Ortodox Sf\u00e2ntul Constantin Br\u00e2ncoveanu din F\u0103g\u0103ra\u0219 \u0219i al Facult\u0103\u021bii de Teologie Andrei \u0218aguna din Sibiu. Masterand \u00een Teologie la Facultatea de [&hellip;]<\/p>\n","protected":false},"author":2,"featured_media":56,"parent":104,"menu_order":2,"comment_status":"closed","ping_status":"closed","template":"","meta":{"footnotes":""},"class_list":["post-12","page","type-page","status-publish","has-post-thumbnail","hentry"],"_links":{"self":[{"href":"https:\/\/biserica-ringkobing-skjern.dk\/index.php\/wp-json\/wp\/v2\/pages\/12","targetHints":{"allow":["GET"]}}],"collection":[{"href":"https:\/\/biserica-ringkobing-skjern.dk\/index.php\/wp-json\/wp\/v2\/pages"}],"about":[{"href":"https:\/\/biserica-ringkobing-skjern.dk\/index.php\/wp-json\/wp\/v2\/types\/page"}],"author":[{"embeddable":true,"href":"https:\/\/biserica-ringkobing-skjern.dk\/index.php\/wp-json\/wp\/v2\/users\/2"}],"replies":[{"embeddable":true,"href":"https:\/\/biserica-ringkobing-skjern.dk\/index.php\/wp-json\/wp\/v2\/comments?post=12"}],"version-history":[{"count":9,"href":"https:\/\/biserica-ringkobing-skjern.dk\/index.php\/wp-json\/wp\/v2\/pages\/12\/revisions"}],"predecessor-version":[{"id":165,"href":"https:\/\/biserica-ringkobing-skjern.dk\/index.php\/wp-json\/wp\/v2\/pages\/12\/revisions\/165"}],"up":[{"embeddable":true,"href":"https:\/\/biserica-ringkobing-skjern.dk\/index.php\/wp-json\/wp\/v2\/pages\/104"}],"wp:featuredmedia":[{"embeddable":true,"href":"https:\/\/biserica-ringkobing-skjern.dk\/index.php\/wp-json\/wp\/v2\/media\/56"}],"wp:attachment":[{"href":"https:\/\/biserica-ringkobing-skjern.dk\/index.php\/wp-json\/wp\/v2\/media?parent=12"}],"curies":[{"name":"wp","href":"https:\/\/api.w.org\/{rel}","templated":true}]}}