{"id":76,"date":"2025-01-22T08:05:40","date_gmt":"2025-01-22T08:05:40","guid":{"rendered":"https:\/\/biserica-ringkobing-skjern.dk\/?page_id=76"},"modified":"2025-01-22T08:05:40","modified_gmt":"2025-01-22T08:05:40","slug":"biserica","status":"publish","type":"page","link":"https:\/\/biserica-ringkobing-skjern.dk\/index.php\/biserica\/","title":{"rendered":"Biserica"},"content":{"rendered":"<p>In aceasta p\u0103zit\u0103 \u0219i binecuv\u00e2ntat\u0103 parohie se reg\u0103sesc oameni frumo\u0219i, harnici \u0219i dorinici de a ajuta pe cei \u00een nevoie, dar mai ales de a \u00eenfrumuse\u021ba Sf\u00e2nta noastr\u0103 Biseric\u0103!<\/p>\n","protected":false},"excerpt":{"rendered":"<p>In aceasta p\u0103zit\u0103 \u0219i binecuv\u00e2ntat\u0103 parohie se reg\u0103sesc oameni frumo\u0219i, harnici \u0219i dorinici de a ajuta pe cei \u00een nevoie, dar mai ales de a \u00eenfrumuse\u021ba Sf\u00e2nta noastr\u0103 Biseric\u0103!<\/p>\n","protected":false},"author":2,"featured_media":49,"parent":0,"menu_order":0,"comment_status":"closed","ping_status":"closed","template":"","meta":{"footnotes":""},"class_list":["post-76","page","type-page","status-publish","has-post-thumbnail","hentry"],"_links":{"self":[{"href":"https:\/\/biserica-ringkobing-skjern.dk\/index.php\/wp-json\/wp\/v2\/pages\/76","targetHints":{"allow":["GET"]}}],"collection":[{"href":"https:\/\/biserica-ringkobing-skjern.dk\/index.php\/wp-json\/wp\/v2\/pages"}],"about":[{"href":"https:\/\/biserica-ringkobing-skjern.dk\/index.php\/wp-json\/wp\/v2\/types\/page"}],"author":[{"embeddable":true,"href":"https:\/\/biserica-ringkobing-skjern.dk\/index.php\/wp-json\/wp\/v2\/users\/2"}],"replies":[{"embeddable":true,"href":"https:\/\/biserica-ringkobing-skjern.dk\/index.php\/wp-json\/wp\/v2\/comments?post=76"}],"version-history":[{"count":1,"href":"https:\/\/biserica-ringkobing-skjern.dk\/index.php\/wp-json\/wp\/v2\/pages\/76\/revisions"}],"predecessor-version":[{"id":77,"href":"https:\/\/biserica-ringkobing-skjern.dk\/index.php\/wp-json\/wp\/v2\/pages\/76\/revisions\/77"}],"wp:featuredmedia":[{"embeddable":true,"href":"https:\/\/biserica-ringkobing-skjern.dk\/index.php\/wp-json\/wp\/v2\/media\/49"}],"wp:attachment":[{"href":"https:\/\/biserica-ringkobing-skjern.dk\/index.php\/wp-json\/wp\/v2\/media?parent=76"}],"curies":[{"name":"wp","href":"https:\/\/api.w.org\/{rel}","templated":true}]}}